{"id":505,"date":"2020-11-16T13:59:56","date_gmt":"2020-11-16T12:59:56","guid":{"rendered":"http:\/\/www.zeeh.at\/wunderfeld\/?post_type=product&#038;p=505"},"modified":"2020-11-17T17:05:57","modified_gmt":"2020-11-17T16:05:57","slug":"kissen-amelie","status":"publish","type":"product","link":"http:\/\/www.zeeh.at\/wunderfeld\/produkt\/kissen-amelie\/","title":{"rendered":"Kissen Amelie"},"content":{"rendered":"<table class=\" alignleft\" style=\"width: 79.01541521631029%; border-collapse: collapse; background-color: #ffffff;\">\n<tbody>\n<tr>\n<td style=\"width: 33.25991189427313%; vertical-align: top;\"><strong>Ma\u00dfe<\/strong><\/p>\n<p>B: Spitz zu Spitz 55 cm<br \/>\nH: Spitz 22 cm<br \/>\nMittenteil: 18 cm<\/p>\n<p><strong>Umfang<\/strong><br \/>\nSpitz: 57 cm<br \/>\nMitte: 48 cm<\/p>\n<p><strong>Quaste<\/strong><br \/>\nL: 7-9 cm<\/p>\n<p><strong>100 % Baumwolle und Mischfaser<\/strong><br \/>\n<strong>Quaste: 100 % Baumwolle<\/strong><\/p>\n<p>&nbsp;<\/td>\n<td style=\"width: 77.09650807757187%; vertical-align: top;\"><strong>Waschanleitung<\/strong><\/p>\n<p>Alle Stoffe wurden vor der Verarbeitung vorgewaschen.<br \/>\nBezug abziehen, umdrehen, Zipp zu Dreiviertel schlie\u00dfen.<br \/>\nIn ein Waschnetz geben und mit Wollprogramm waschen.<br \/>\n(Einige Quasten sind aus Reinwolle und w\u00fcrden ansonsten verfilzen.)<br \/>\nGeringe Schleuderanzahl bei der Waschmaschine einstellen.<\/p>\n<p>Wir bitten dennoch um Verst\u00e4ndnis, dass wir f\u00fcr m\u00f6gliche<br \/>\nWasch-Sch\u00e4den keine Verantwortung \u00fcbernehmen.<\/p>\n<p>Alle Stoffe wurden vor der Verarbeitung gewaschen.<br \/>\nHochwertige Materialien mit Liebe gen\u00e4ht.<br \/>\nProduktionsort: Wien<\/td>\n<\/tr>\n<\/tbody>\n<\/table>\n<p>&nbsp;<\/p>\n","protected":false},"excerpt":{"rendered":"<p><strong>Einzelst\u00fcck<br \/>\n<\/strong><\/p>\n<p>Wunschkissen m\u00f6glich (bunter Stoff)<\/p>\n<p><strong>\u00a0<\/strong><\/p>\n","protected":false},"featured_media":506,"comment_status":"open","ping_status":"closed","template":"","meta":[],"_links":{"self":[{"href":"http:\/\/www.zeeh.at\/wunderfeld\/wp-json\/wp\/v2\/product\/505"}],"collection":[{"href":"http:\/\/www.zeeh.at\/wunderfeld\/wp-json\/wp\/v2\/product"}],"about":[{"href":"http:\/\/www.zeeh.at\/wunderfeld\/wp-json\/wp\/v2\/types\/product"}],"replies":[{"embeddable":true,"href":"http:\/\/www.zeeh.at\/wunderfeld\/wp-json\/wp\/v2\/comments?post=505"}],"wp:featuredmedia":[{"embeddable":true,"href":"http:\/\/www.zeeh.at\/wunderfeld\/wp-json\/wp\/v2\/media\/506"}],"wp:attachment":[{"href":"http:\/\/www.zeeh.at\/wunderfeld\/wp-json\/wp\/v2\/media?parent=505"}],"curies":[{"name":"wp","href":"https:\/\/api.w.org\/{rel}","templated":true}]}}